{"id":220,"date":"2021-07-08T16:30:42","date_gmt":"2021-07-08T14:30:42","guid":{"rendered":"https:\/\/puylaurensvolley.fr\/?page_id=220"},"modified":"2025-09-07T18:32:02","modified_gmt":"2025-09-07T16:32:02","slug":"sinscrire","status":"publish","type":"page","link":"https:\/\/puylaurensvolley.fr\/?page_id=220","title":{"rendered":"S&#8217;inscrire"},"content":{"rendered":"\n<h2>Saison 2025\/2026<\/h2>\n\n\n\n<div class=\"wp-block-image\"><figure class=\"aligncenter size-large\"><img loading=\"lazy\" width=\"1024\" height=\"851\" src=\"https:\/\/puylaurensvolley.fr\/wp-content\/uploads\/2023\/08\/AG-PVB-1024x851.jpg\" alt=\"\" class=\"wp-image-272\" srcset=\"https:\/\/puylaurensvolley.fr\/wp-content\/uploads\/2023\/08\/AG-PVB-1024x851.jpg 1024w, https:\/\/puylaurensvolley.fr\/wp-content\/uploads\/2023\/08\/AG-PVB-300x249.jpg 300w, https:\/\/puylaurensvolley.fr\/wp-content\/uploads\/2023\/08\/AG-PVB-768x638.jpg 768w, https:\/\/puylaurensvolley.fr\/wp-content\/uploads\/2023\/08\/AG-PVB-1536x1276.jpg 1536w, https:\/\/puylaurensvolley.fr\/wp-content\/uploads\/2023\/08\/AG-PVB-scaled.jpg 2048w, https:\/\/puylaurensvolley.fr\/wp-content\/uploads\/2023\/08\/AG-PVB-128x106.jpg 128w, https:\/\/puylaurensvolley.fr\/wp-content\/uploads\/2023\/08\/AG-PVB-32x27.jpg 32w\" sizes=\"(max-width: 1024px) 100vw, 1024px\" \/><\/figure><\/div>\n\n\n\n<p>Les <strong>b\u00e9n\u00e9voles<\/strong> du Puylaurens Volley-ball et de l&#8217;AUTAN, \u00e9ducateurs et membres du bureau seront heureux de vous accueillir pour la reprise de notre activit\u00e9 sportive pour la <strong>saison 2025\/2026<\/strong> !<\/p>\n\n\n\n<p>Jeunes ou moins jeunes, d\u00e9butants ou confirm\u00e9s, en comp\u00e9tition ou en loisirs soyez assur\u00e9s que chacun trouvera sa place dans notre association afin de progresser \u00e0 son rythme.<br><strong>N\u2019h\u00e9sitez pas \u00e0 nous rejoindre. Contactez-nous !<\/strong><\/p>\n\n\n\n<h2>Comment s&#8217;inscrire ?<\/h2>\n\n\n\n<p>Vous trouverez sur cette page tous les documents n\u00e9cessaires pour vous inscrire au Puylaurens Volley-Ball. Ils seront \u00e0 remettre \u00e0 votre entra\u00eeneur en d\u00e9but de saison.<\/p>\n\n\n\n<p>Afin de valider votre licence, un certificat m\u00e9dical doit \u00eatre rempli par votre m\u00e9decin. <\/p>\n\n\n\n<p>Depuis peu, il est autoris\u00e9 de remplir comme les ann\u00e9es pr\u00e9c\u00e9dentes le questionnaire de sant\u00e9 si vous avez fait un certificat il y a moins de 3 ans.<\/p>\n\n\n\n<p><strong>A partir des cat\u00e9gories M13 pensez \u00e0 faire remplir par d\u00e9faut le cadre &#8220;Simple surclassement&#8221; par votre m\u00e9decin lors de la visite.<\/strong><\/p>\n\n\n\n<p class=\"has-vivid-red-color has-text-color\" style=\"font-size:22px\"><strong>Pi\u00e8ces \u00e0 fournir :<\/strong><\/p>\n\n\n\n<ul><li>Une attestation de questionnaire sant\u00e9 (mineurs)<br>ou un certificat m\u00e9dical (adultes).<\/li><li>1 photo.<\/li><li>Copie d\u2019une pi\u00e8ce d\u2019identit\u00e9.<\/li><li>Une cotisation pour l\u2019ann\u00e9e en fonction de la cat\u00e9gorie (voir image ci-dessous)<\/li><li>Autorisation parentale (ci-dessous)<\/li><li>Le formulaire de demande de licence de la FFVB (ci-dessous)<\/li><\/ul>\n\n\n\n<div class=\"wp-block-file\"><a href=\"https:\/\/puylaurensvolley.fr\/wp-content\/uploads\/2025\/07\/Autorisation-parentale-25-26.docx\" target=\"_blank\" rel=\"noreferrer noopener\">Autorisation-parentale-25-26<\/a><a href=\"https:\/\/puylaurensvolley.fr\/wp-content\/uploads\/2025\/07\/Autorisation-parentale-25-26.docx\" class=\"wp-block-file__button\" download>T\u00e9l\u00e9charger<\/a><\/div>\n\n\n\n<div class=\"wp-block-file\"><a href=\"https:\/\/puylaurensvolley.fr\/wp-content\/uploads\/2025\/07\/Questionnaire-medical-adulte-2025-2026.pdf\" target=\"_blank\" rel=\"noreferrer noopener\">Questionnaire-medical-adulte-2025-2026<\/a><a href=\"https:\/\/puylaurensvolley.fr\/wp-content\/uploads\/2025\/07\/Questionnaire-medical-adulte-2025-2026.pdf\" class=\"wp-block-file__button\" download>T\u00e9l\u00e9charger<\/a><\/div>\n\n\n\n<div class=\"wp-block-file\"><a href=\"https:\/\/puylaurensvolley.fr\/wp-content\/uploads\/2025\/07\/Formulaire_demande_licences_2025_2026.pdf\" target=\"_blank\" rel=\"noreferrer noopener\">Formulaire_demande_licences_2025_2026<\/a><a href=\"https:\/\/puylaurensvolley.fr\/wp-content\/uploads\/2025\/07\/Formulaire_demande_licences_2025_2026.pdf\" class=\"wp-block-file__button\" download>T\u00e9l\u00e9charger<\/a><\/div>\n\n\n\n<div class=\"wp-block-file\"><a href=\"https:\/\/puylaurensvolley.fr\/wp-content\/uploads\/2025\/07\/Questionnaire-sante-pour-les-mineurs-2025-2026.pdf\" target=\"_blank\" rel=\"noreferrer noopener\">Questionnaire-sante-pour-les-mineurs-2025-2026<\/a><a href=\"https:\/\/puylaurensvolley.fr\/wp-content\/uploads\/2025\/07\/Questionnaire-sante-pour-les-mineurs-2025-2026.pdf\" class=\"wp-block-file__button\" download>T\u00e9l\u00e9charger<\/a><\/div>\n\n\n\n<div class=\"wp-block-file\"><a href=\"https:\/\/puylaurensvolley.fr\/wp-content\/uploads\/2025\/08\/FFvolley_CERTIFICAT_MEDICAL_A.pdf\" target=\"_blank\" rel=\"noreferrer noopener\">Certificat m\u00e9dical Fiche A (simple surclassement)<\/a><a href=\"https:\/\/puylaurensvolley.fr\/wp-content\/uploads\/2025\/08\/FFvolley_CERTIFICAT_MEDICAL_A.pdf\" class=\"wp-block-file__button\" download>T\u00e9l\u00e9charger<\/a><\/div>\n\n\n\n<div class=\"wp-block-image is-style-default\"><figure class=\"aligncenter size-large\"><img loading=\"lazy\" width=\"726\" height=\"1024\" src=\"https:\/\/puylaurensvolley.fr\/wp-content\/uploads\/2025\/09\/PXL_20250907_162936118-726x1024.jpg\" alt=\"\" class=\"wp-image-326\" srcset=\"https:\/\/puylaurensvolley.fr\/wp-content\/uploads\/2025\/09\/PXL_20250907_162936118-726x1024.jpg 726w, https:\/\/puylaurensvolley.fr\/wp-content\/uploads\/2025\/09\/PXL_20250907_162936118-213x300.jpg 213w, https:\/\/puylaurensvolley.fr\/wp-content\/uploads\/2025\/09\/PXL_20250907_162936118-768x1083.jpg 768w, https:\/\/puylaurensvolley.fr\/wp-content\/uploads\/2025\/09\/PXL_20250907_162936118-1089x1536.jpg 1089w, https:\/\/puylaurensvolley.fr\/wp-content\/uploads\/2025\/09\/PXL_20250907_162936118-scaled.jpg 1452w, https:\/\/puylaurensvolley.fr\/wp-content\/uploads\/2025\/09\/PXL_20250907_162936118-91x128.jpg 91w, https:\/\/puylaurensvolley.fr\/wp-content\/uploads\/2025\/09\/PXL_20250907_162936118-23x32.jpg 23w\" sizes=\"(max-width: 726px) 100vw, 726px\" \/><\/figure><\/div>\n\n\n\n<p class=\"has-text-align-center\">Vos contacts :<br>Jean-Pierre BELAUD : 06 67 95 78 33 (Pr\u00e9sident)<br>Karine ROUQUET : 06 20 21 94 97 (Secr\u00e9taire)<br>C\u00e9cile FELTRIN : 06 52 36 89 27 (Secr\u00e9taire adjointe)<br>Page Facebook : Puylaurens vb<br>Page Instagram : @puylaurensvolley<\/p>\n\n\n\n<p><\/p>\n","protected":false},"excerpt":{"rendered":"<p>Saison 2025\/2026 Les b\u00e9n\u00e9voles du Puylaurens Volley-ball et de l&#8217;AUTAN, \u00e9ducateurs et membres du bureau seront heureux de vous accueillir pour la reprise de notre activit\u00e9 sportive pour la saison 2025\/2026 ! Jeunes ou moins jeunes, d\u00e9butants ou confirm\u00e9s, en comp\u00e9tition ou en loisirs soyez assur\u00e9s que chacun trouvera sa place dans notre association afin [&hellip;]<\/p>\n","protected":false},"author":1,"featured_media":0,"parent":0,"menu_order":0,"comment_status":"closed","ping_status":"closed","template":"","meta":[],"_links":{"self":[{"href":"https:\/\/puylaurensvolley.fr\/index.php?rest_route=\/wp\/v2\/pages\/220"}],"collection":[{"href":"https:\/\/puylaurensvolley.fr\/index.php?rest_route=\/wp\/v2\/pages"}],"about":[{"href":"https:\/\/puylaurensvolley.fr\/index.php?rest_route=\/wp\/v2\/types\/page"}],"author":[{"embeddable":true,"href":"https:\/\/puylaurensvolley.fr\/index.php?rest_route=\/wp\/v2\/users\/1"}],"replies":[{"embeddable":true,"href":"https:\/\/puylaurensvolley.fr\/index.php?rest_route=%2Fwp%2Fv2%2Fcomments&post=220"}],"version-history":[{"count":23,"href":"https:\/\/puylaurensvolley.fr\/index.php?rest_route=\/wp\/v2\/pages\/220\/revisions"}],"predecessor-version":[{"id":327,"href":"https:\/\/puylaurensvolley.fr\/index.php?rest_route=\/wp\/v2\/pages\/220\/revisions\/327"}],"wp:attachment":[{"href":"https:\/\/puylaurensvolley.fr\/index.php?rest_route=%2Fwp%2Fv2%2Fmedia&parent=220"}],"curies":[{"name":"wp","href":"https:\/\/api.w.org\/{rel}","templated":true}]}}